{"id":19019,"date":"2025-01-24T15:27:14","date_gmt":"2025-01-24T15:27:14","guid":{"rendered":"https:\/\/www.neospiti.com\/product\/aqua-countertop-washbasin-o33-cm-black-matt\/"},"modified":"2025-01-24T15:27:14","modified_gmt":"2025-01-24T15:27:14","slug":"aqua-countertop-washbasin-o33-cm-black-matt","status":"publish","type":"product","link":"https:\/\/www.neospiti.com\/en\/product\/aqua-countertop-washbasin-o33-cm-black-matt\/","title":{"rendered":"Aqua countertop washbasin \u00d833 cm Black Matt"},"content":{"rendered":"<p>Aqua countertop washbasin \u00d833 cm Black Matt <\/p>\n<p>Dimensions 33 \u00d7 33 \u00d7 15.3 cm<\/p>\n","protected":false},"excerpt":{"rendered":"<p>Aqua countertop washbasin \u00d833 cm Black Matt Dimensions 33 \u00d7 33 \u00d7 15.3 cm<\/p>\n","protected":false},"featured_media":19018,"comment_status":"closed","ping_status":"closed","template":"","meta":{"_et_pb_use_builder":"","_et_pb_old_content":"","_et_gb_content_width":""},"product_brand":[],"product_cat":[145,75,78],"product_tag":[],"class_list":{"0":"post-19019","1":"product","2":"type-product","3":"status-publish","4":"has-post-thumbnail","6":"product_cat-countertop","7":"product_cat-sanitary-ware","8":"product_cat-wash-basins","10":"first","11":"onbackorder","12":"taxable","13":"shipping-taxable","14":"product-type-simple"},"_links":{"self":[{"href":"https:\/\/www.neospiti.com\/en\/wp-json\/wp\/v2\/product\/19019","targetHints":{"allow":["GET"]}}],"collection":[{"href":"https:\/\/www.neospiti.com\/en\/wp-json\/wp\/v2\/product"}],"about":[{"href":"https:\/\/www.neospiti.com\/en\/wp-json\/wp\/v2\/types\/product"}],"replies":[{"embeddable":true,"href":"https:\/\/www.neospiti.com\/en\/wp-json\/wp\/v2\/comments?post=19019"}],"wp:featuredmedia":[{"embeddable":true,"href":"https:\/\/www.neospiti.com\/en\/wp-json\/wp\/v2\/media\/19018"}],"wp:attachment":[{"href":"https:\/\/www.neospiti.com\/en\/wp-json\/wp\/v2\/media?parent=19019"}],"wp:term":[{"taxonomy":"product_brand","embeddable":true,"href":"https:\/\/www.neospiti.com\/en\/wp-json\/wp\/v2\/product_brand?post=19019"},{"taxonomy":"product_cat","embeddable":true,"href":"https:\/\/www.neospiti.com\/en\/wp-json\/wp\/v2\/product_cat?post=19019"},{"taxonomy":"product_tag","embeddable":true,"href":"https:\/\/www.neospiti.com\/en\/wp-json\/wp\/v2\/product_tag?post=19019"}],"curies":[{"name":"wp","href":"https:\/\/api.w.org\/{rel}","templated":true}]}}