{"id":20991,"date":"2025-03-06T10:28:04","date_gmt":"2025-03-06T10:28:04","guid":{"rendered":"https:\/\/www.neospiti.com\/product\/optima-chrome-built-in-washbasin-faucet\/"},"modified":"2025-03-06T10:28:04","modified_gmt":"2025-03-06T10:28:04","slug":"optima-chrome-built-in-washbasin-faucet","status":"publish","type":"product","link":"https:\/\/www.neospiti.com\/en\/product\/optima-chrome-built-in-washbasin-faucet\/","title":{"rendered":"Optima Chrome Built-in Washbasin Faucet"},"content":{"rendered":"<p>Built-in washbasin faucet Optima Chrome, Modea-Viospiral<\/p>\n<p>    Rouxuni 200mm \u00d824<br \/>\n    Push system dispenser<br \/>\n    CW617N forged brass body with leveling spirit<br \/>\n    Brass rosettes \u00d869<br \/>\n    Silent mechanism \u00d835 GALATRON EVO C1<br \/>\n    It has fixing holes<br \/>\n    Support\/alignment kit available for easy installation<\/p>\n<p>Factory Code: 00-07510<\/p>\n","protected":false},"excerpt":{"rendered":"<p>Built-in washbasin faucet Optima Chrome, Modea-Viospiral Rouxuni 200mm \u00d824 Push system dispenser CW617N forged brass body with leveling spirit Brass rosettes \u00d869 Silent mechanism \u00d835 GALATRON EVO C1 It has fixing holes Support\/alignment kit available for easy installation Factory Code: 00-07510<\/p>\n","protected":false},"featured_media":20990,"comment_status":"closed","ping_status":"closed","template":"","meta":{"_et_pb_use_builder":"","_et_pb_old_content":"","_et_gb_content_width":""},"product_brand":[],"product_cat":[127,121],"product_tag":[202],"class_list":{"0":"post-20991","1":"product","2":"type-product","3":"status-publish","4":"has-post-thumbnail","6":"product_cat-concealed-basin-mixer","7":"product_cat-faucet","8":"product_tag-viospiral-en","10":"first","11":"onbackorder","12":"taxable","13":"shipping-taxable","14":"product-type-simple"},"_links":{"self":[{"href":"https:\/\/www.neospiti.com\/en\/wp-json\/wp\/v2\/product\/20991","targetHints":{"allow":["GET"]}}],"collection":[{"href":"https:\/\/www.neospiti.com\/en\/wp-json\/wp\/v2\/product"}],"about":[{"href":"https:\/\/www.neospiti.com\/en\/wp-json\/wp\/v2\/types\/product"}],"replies":[{"embeddable":true,"href":"https:\/\/www.neospiti.com\/en\/wp-json\/wp\/v2\/comments?post=20991"}],"wp:featuredmedia":[{"embeddable":true,"href":"https:\/\/www.neospiti.com\/en\/wp-json\/wp\/v2\/media\/20990"}],"wp:attachment":[{"href":"https:\/\/www.neospiti.com\/en\/wp-json\/wp\/v2\/media?parent=20991"}],"wp:term":[{"taxonomy":"product_brand","embeddable":true,"href":"https:\/\/www.neospiti.com\/en\/wp-json\/wp\/v2\/product_brand?post=20991"},{"taxonomy":"product_cat","embeddable":true,"href":"https:\/\/www.neospiti.com\/en\/wp-json\/wp\/v2\/product_cat?post=20991"},{"taxonomy":"product_tag","embeddable":true,"href":"https:\/\/www.neospiti.com\/en\/wp-json\/wp\/v2\/product_tag?post=20991"}],"curies":[{"name":"wp","href":"https:\/\/api.w.org\/{rel}","templated":true}]}}