{"id":26607,"date":"2025-06-12T09:20:07","date_gmt":"2025-06-12T09:20:07","guid":{"rendered":"https:\/\/www.neospiti.com\/product\/complete-set-of-built-in-shower-etna-brushed-nickel\/"},"modified":"2025-06-12T09:20:07","modified_gmt":"2025-06-12T09:20:07","slug":"complete-set-of-built-in-shower-etna-brushed-nickel","status":"publish","type":"product","link":"https:\/\/www.neospiti.com\/en\/product\/complete-set-of-built-in-shower-etna-brushed-nickel\/","title":{"rendered":"Complete set of Built-in Shower ETNA Brushed Nickel"},"content":{"rendered":"<p>Complete set of Built-in Shower ETNA Brushed Nickel, Modea-Viospiral<\/p>\n<p>Brass arm \u00d824, length 350mm with rosette \u00d860<br \/>\nBell \u00d8220mm<br \/>\nWall-mounted Water supply 1\/2 \u00d830 with telephone holder and rosette \u00d855<br \/>\n3 function phone<br \/>\nSpiral telephone PVC 150cm<br \/>\nBuilt-in shower faucet OPTIMA 2 outlets<br \/>\nForged brass body<br \/>\nRosette round \u00d8155<br \/>\nMechanism \u00d835 GALATRON EVI C1<\/p>\n<p>Factory Code: 00-08700<\/p>\n","protected":false},"excerpt":{"rendered":"<p>Complete set of Built-in Shower ETNA Brushed Nickel, Modea-Viospiral Brass arm \u00d824, length 350mm with rosette \u00d860 Bell \u00d8220mm Wall-mounted Water supply 1\/2 \u00d830 with telephone holder and rosette \u00d855 3 function phone Spiral telephone PVC 150cm Built-in shower faucet OPTIMA 2 outlets Forged brass body Rosette round \u00d8155 Mechanism \u00d835 GALATRON EVI C1 Factory [&hellip;]<\/p>\n","protected":false},"featured_media":20975,"comment_status":"closed","ping_status":"closed","template":"","meta":{"_et_pb_use_builder":"","_et_pb_old_content":"","_et_gb_content_width":""},"product_brand":[],"product_cat":[125,121],"product_tag":[202],"class_list":{"0":"post-26607","1":"product","2":"type-product","3":"status-publish","4":"has-post-thumbnail","6":"product_cat-concealed-bath-mixer","7":"product_cat-faucet","8":"product_tag-viospiral-en","10":"first","11":"onbackorder","12":"taxable","13":"shipping-taxable","14":"product-type-simple"},"_links":{"self":[{"href":"https:\/\/www.neospiti.com\/en\/wp-json\/wp\/v2\/product\/26607","targetHints":{"allow":["GET"]}}],"collection":[{"href":"https:\/\/www.neospiti.com\/en\/wp-json\/wp\/v2\/product"}],"about":[{"href":"https:\/\/www.neospiti.com\/en\/wp-json\/wp\/v2\/types\/product"}],"replies":[{"embeddable":true,"href":"https:\/\/www.neospiti.com\/en\/wp-json\/wp\/v2\/comments?post=26607"}],"wp:featuredmedia":[{"embeddable":true,"href":"https:\/\/www.neospiti.com\/en\/wp-json\/wp\/v2\/media\/20975"}],"wp:attachment":[{"href":"https:\/\/www.neospiti.com\/en\/wp-json\/wp\/v2\/media?parent=26607"}],"wp:term":[{"taxonomy":"product_brand","embeddable":true,"href":"https:\/\/www.neospiti.com\/en\/wp-json\/wp\/v2\/product_brand?post=26607"},{"taxonomy":"product_cat","embeddable":true,"href":"https:\/\/www.neospiti.com\/en\/wp-json\/wp\/v2\/product_cat?post=26607"},{"taxonomy":"product_tag","embeddable":true,"href":"https:\/\/www.neospiti.com\/en\/wp-json\/wp\/v2\/product_tag?post=26607"}],"curies":[{"name":"wp","href":"https:\/\/api.w.org\/{rel}","templated":true}]}}