{"id":36910,"date":"2026-01-30T13:32:58","date_gmt":"2026-01-30T13:32:58","guid":{"rendered":"https:\/\/www.neospiti.com\/product\/corner-entry-cabin-versus-400-80x80x195-chrome\/"},"modified":"2026-01-30T13:34:13","modified_gmt":"2026-01-30T13:34:13","slug":"corner-entry-cabin-versus-400-80x80x195-chrome","status":"publish","type":"product","link":"https:\/\/www.neospiti.com\/en\/product\/corner-entry-cabin-versus-400-80x80x195-chrome\/","title":{"rendered":"Corner entry cabin VERSUS 400 80X80X195 Chrome"},"content":{"rendered":"<p>Corner entry cabin VERSUS 400 80X80X195 Chrome,TEMA<\/p>\n<p>Var\u00e9os t\u00fdpou kamp\u00edna ntous, me d\u00fdo stather\u00e1 f\u00fdlla kai d\u00fdo syr\u00f3menes p\u00f3rtes. Prostateftik\u00ed epik\u00e1lypsi CLEAN GLASS (nanotechnology)gia apofyg\u00ed all\u00e1ton kai stis d\u00fdo plevr\u00e9s. Tetr\u00e1gono anodiom\u00e9no prof\u00edl aloumin\u00edou. S\u00fdstima magnitiko\u00fa kleis\u00edmatos. Kr\u00fdstallo asfale\u00edas di\u00e1fano 6 mm. Tetr\u00e1gono p\u00f3molo 30 cm INOX SS 304 S\u00fdstima magnitiko\u00fa kleislimatos Prosynarmologim\u00e9nes gia \u00e9fkoli topoth\u00e9tisi Dynat\u00f3tita pro\u00e9ktasis an\u00e1 plevr\u00e1 me extra prof\u00edl.<br \/>\n\u0395\u03bc\u03c6\u03ac\u03bd\u03b9\u03c3\u03b7 \u03c0\u03b5\u03c1\u03b9\u03c3\u03c3\u03cc\u03c4\u03b5\u03c1\u03c9\u03bd<br \/>\n468<br \/>\nHeavy-duty shower enclosure, with two fixed panels and two sliding doors.<\/p>\n<p>Protective CLEAN GLASS (nanotechnology) coating to prevent scratches on both sides.<br \/>\nSquare anodized aluminum profile.<br \/>\nMagnetic closing system.<br \/>\n6 mm clear safety glass.<br \/>\nSquare knob 30 cm INOX SS 304<br \/>\nMagnetic closing system<br \/>\nPre-assembled for easy installation<br \/>\nPossibility of extension per side with extra profile.<\/p>\n","protected":false},"excerpt":{"rendered":"<p>Corner entry cabin VERSUS 400 80X80X195 Chrome,TEMA Var\u00e9os t\u00fdpou kamp\u00edna ntous, me d\u00fdo stather\u00e1 f\u00fdlla kai d\u00fdo syr\u00f3menes p\u00f3rtes. Prostateftik\u00ed epik\u00e1lypsi CLEAN GLASS (nanotechnology)gia apofyg\u00ed all\u00e1ton kai stis d\u00fdo plevr\u00e9s. Tetr\u00e1gono anodiom\u00e9no prof\u00edl aloumin\u00edou. S\u00fdstima magnitiko\u00fa kleis\u00edmatos. Kr\u00fdstallo asfale\u00edas di\u00e1fano 6 mm. Tetr\u00e1gono p\u00f3molo 30 cm INOX SS 304 S\u00fdstima magnitiko\u00fa kleislimatos Prosynarmologim\u00e9nes gia \u00e9fkoli [&hellip;]<\/p>\n","protected":false},"featured_media":36909,"comment_status":"closed","ping_status":"closed","template":"","meta":{"_et_pb_use_builder":"","_et_pb_old_content":"","_et_gb_content_width":""},"product_brand":[],"product_cat":[112],"product_tag":[],"class_list":{"0":"post-36910","1":"product","2":"type-product","3":"status-publish","4":"has-post-thumbnail","6":"product_cat-shower-cabin","8":"first","9":"onbackorder","10":"taxable","11":"shipping-taxable","12":"product-type-simple"},"_links":{"self":[{"href":"https:\/\/www.neospiti.com\/en\/wp-json\/wp\/v2\/product\/36910","targetHints":{"allow":["GET"]}}],"collection":[{"href":"https:\/\/www.neospiti.com\/en\/wp-json\/wp\/v2\/product"}],"about":[{"href":"https:\/\/www.neospiti.com\/en\/wp-json\/wp\/v2\/types\/product"}],"replies":[{"embeddable":true,"href":"https:\/\/www.neospiti.com\/en\/wp-json\/wp\/v2\/comments?post=36910"}],"wp:featuredmedia":[{"embeddable":true,"href":"https:\/\/www.neospiti.com\/en\/wp-json\/wp\/v2\/media\/36909"}],"wp:attachment":[{"href":"https:\/\/www.neospiti.com\/en\/wp-json\/wp\/v2\/media?parent=36910"}],"wp:term":[{"taxonomy":"product_brand","embeddable":true,"href":"https:\/\/www.neospiti.com\/en\/wp-json\/wp\/v2\/product_brand?post=36910"},{"taxonomy":"product_cat","embeddable":true,"href":"https:\/\/www.neospiti.com\/en\/wp-json\/wp\/v2\/product_cat?post=36910"},{"taxonomy":"product_tag","embeddable":true,"href":"https:\/\/www.neospiti.com\/en\/wp-json\/wp\/v2\/product_tag?post=36910"}],"curies":[{"name":"wp","href":"https:\/\/api.w.org\/{rel}","templated":true}]}}